{"id":39,"date":"2023-03-28T19:43:15","date_gmt":"2023-03-28T17:43:15","guid":{"rendered":"http:\/\/www.tpsvenerie.be\/?page_id=39"},"modified":"2023-03-28T23:19:05","modified_gmt":"2023-03-28T21:19:05","slug":"padel","status":"publish","type":"page","link":"https:\/\/www.tpsvenerie.be\/index.php\/padel\/","title":{"rendered":"Padel"},"content":{"rendered":"\n<p>Le Padel est un sport accessible \u00e0 tous, qui permet de s\u2019amuser d\u00e8s ses premi\u00e8res balles.<\/p>\n\n\n\n<p>Entre le tennis et le squash, il se joue \u00e0 4 sur un terrain en gazon synth\u00e9tique de 20 m\u00e8tres sur 10, entour\u00e9 de parois en verre sur lesquelles la balle peut rebondir.<\/p>\n\n\n\n<p>Au TPS Club la V\u00e9nerie, toutes les formules sont possibles&nbsp;!<\/p>\n\n\n\n<p>Vous pouvez r\u00e9server une heure fixe ou acheter une carte pr\u00e9-pay\u00e9e \u00e0 tarif r\u00e9duit.<\/p>\n\n\n\n<p>Il est \u00e9galement possible de jouer occasionnellement sans \u00eatre membre du club.<\/p>\n\n\n\n<p><strong>A site exceptionnel, projet exceptionnel\u00a0!<\/strong><\/p>\n\n\n\n<figure class=\"wp-block-image size-large is-resized\"><img loading=\"lazy\" decoding=\"async\" src=\"http:\/\/www.tpsvenerie.be\/wp-content\/uploads\/2023\/03\/projet-1-1024x609.png\" alt=\"\" class=\"wp-image-144\" width=\"838\" height=\"498\" srcset=\"https:\/\/www.tpsvenerie.be\/wp-content\/uploads\/2023\/03\/projet-1-1024x609.png 1024w, https:\/\/www.tpsvenerie.be\/wp-content\/uploads\/2023\/03\/projet-1-300x179.png 300w, https:\/\/www.tpsvenerie.be\/wp-content\/uploads\/2023\/03\/projet-1-768x457.png 768w, https:\/\/www.tpsvenerie.be\/wp-content\/uploads\/2023\/03\/projet-1.png 1489w\" sizes=\"auto, (max-width: 838px) 100vw, 838px\" \/><\/figure>\n\n\n\n<p>Le TPS Club la V\u00e9nerie construit actuellement 2 terrains de Padel ext\u00e9rieurs (ouverture pr\u00e9vue d\u00e9but juin 2023), et 2 terrains semi-couverts transformables en terrains compl\u00e8tement ferm\u00e9s (automne 2023).<\/p>\n\n\n\n<p>En haute saison, vous pourrez pratiquer votre sport au c\u0153ur d\u2019un \u00e9crin de nature.<\/p>\n\n\n\n<p>Durant l\u2019hiver, les 2 terrains semi-couverts se transformeront en terrains compl\u00e8tement ferm\u00e9s gr\u00e2ce aux parois coulissantes pr\u00e9vues \u00e0 cet effet.<\/p>\n\n\n\n<p>Vous, joueurs, serez donc dans les meilleures conditions pour taper la balle, tant durant les fortes chaleurs que durant la mauvaise saison&nbsp;!<\/p>\n\n\n\n<p><strong>Comp\u00e9titions de padel<\/strong>&nbsp;<\/p>\n\n\n\n<p>Nous envisagerons, en fonction des demandes, de participer aux interclubs et\/ou d\u2019organiser des tournois officiels<\/p>\n\n\n\n<p><strong>Ecole de Padel<\/strong><\/p>\n\n\n\n<p>A nouveau, si la demande est pr\u00e9sente, nous serons fiers de lancer rapidement une \u00e9cole de Padel&nbsp;!<\/p>\n\n\n\n<p><\/p>\n\n\n\n<p><\/p>\n\n\n\n<p><\/p>\n","protected":false},"excerpt":{"rendered":"<div class=\"slide-text-bg2\"><span>Le Padel est un sport accessible \u00e0 tous, qui permet de s\u2019amuser d\u00e8s ses premi\u00e8res balles. Entre le tennis et le squash, il se joue \u00e0 4 sur un terrain<\/span><\/div>\n<div class=\"slide-btn-area-sm\"><a href=\"https:\/\/www.tpsvenerie.be\/index.php\/padel\/\" class=\"slide-btn-sm\">Read More<\/a><\/div>\n","protected":false},"author":2,"featured_media":0,"parent":0,"menu_order":0,"comment_status":"closed","ping_status":"closed","template":"","meta":{"footnotes":""},"class_list":["post-39","page","type-page","status-publish","hentry"],"_links":{"self":[{"href":"https:\/\/www.tpsvenerie.be\/index.php\/wp-json\/wp\/v2\/pages\/39","targetHints":{"allow":["GET"]}}],"collection":[{"href":"https:\/\/www.tpsvenerie.be\/index.php\/wp-json\/wp\/v2\/pages"}],"about":[{"href":"https:\/\/www.tpsvenerie.be\/index.php\/wp-json\/wp\/v2\/types\/page"}],"author":[{"embeddable":true,"href":"https:\/\/www.tpsvenerie.be\/index.php\/wp-json\/wp\/v2\/users\/2"}],"replies":[{"embeddable":true,"href":"https:\/\/www.tpsvenerie.be\/index.php\/wp-json\/wp\/v2\/comments?post=39"}],"version-history":[{"count":4,"href":"https:\/\/www.tpsvenerie.be\/index.php\/wp-json\/wp\/v2\/pages\/39\/revisions"}],"predecessor-version":[{"id":145,"href":"https:\/\/www.tpsvenerie.be\/index.php\/wp-json\/wp\/v2\/pages\/39\/revisions\/145"}],"wp:attachment":[{"href":"https:\/\/www.tpsvenerie.be\/index.php\/wp-json\/wp\/v2\/media?parent=39"}],"curies":[{"name":"wp","href":"https:\/\/api.w.org\/{rel}","templated":true}]}}